{"id":766,"date":"2025-11-13T14:21:53","date_gmt":"2025-11-13T12:21:53","guid":{"rendered":"https:\/\/lenacriveanu.ro\/shop\/?post_type=product&#038;p=766"},"modified":"2025-12-17T15:43:03","modified_gmt":"2025-12-17T13:43:03","slug":"pantalon-satin-negru","status":"publish","type":"product","link":"https:\/\/lenacriveanu.ro\/shop\/product\/pantalon-satin-negru\/","title":{"rendered":"Pantalon Satin Negru"},"content":{"rendered":"<p>Pantaloni lungi tip palazzo, cu talie \u00eenalt\u0103 \u0219i croial\u0103 ampl\u0103. Pliuri suprapuse pe fa\u021b\u0103 \u0219i patru pliuri pe spate menite s\u0103 ofere volum \u0219i structur\u0103. Buzunare laterale \u0219i \u00eenchidere realizat\u0103 cu fermoar lateral ascuns.<\/p>\n<p class=\"p1\"><strong>Material:<\/strong> V\u00eescoz\u0103 Satinat\u0103<\/p>\n<p class=\"p1\">\n","protected":false},"excerpt":{"rendered":"<p>Pantaloni lungi tip palazzo, cu talie \u00eenalt\u0103 \u0219i croial\u0103 ampl\u0103.<\/p>\n","protected":false},"featured_media":981,"comment_status":"open","ping_status":"closed","template":"","meta":{"inline_featured_image":false},"product_brand":[],"product_cat":[28,25],"product_tag":[],"class_list":{"0":"post-766","1":"product","2":"type-product","3":"status-publish","4":"has-post-thumbnail","6":"product_cat-pantaloni","7":"product_cat-shop","9":"first","10":"instock","11":"shipping-taxable","12":"purchasable","13":"product-type-variable","14":"has-default-attributes"},"_links":{"self":[{"href":"https:\/\/lenacriveanu.ro\/shop\/wp-json\/wp\/v2\/product\/766","targetHints":{"allow":["GET"]}}],"collection":[{"href":"https:\/\/lenacriveanu.ro\/shop\/wp-json\/wp\/v2\/product"}],"about":[{"href":"https:\/\/lenacriveanu.ro\/shop\/wp-json\/wp\/v2\/types\/product"}],"replies":[{"embeddable":true,"href":"https:\/\/lenacriveanu.ro\/shop\/wp-json\/wp\/v2\/comments?post=766"}],"wp:featuredmedia":[{"embeddable":true,"href":"https:\/\/lenacriveanu.ro\/shop\/wp-json\/wp\/v2\/media\/981"}],"wp:attachment":[{"href":"https:\/\/lenacriveanu.ro\/shop\/wp-json\/wp\/v2\/media?parent=766"}],"wp:term":[{"taxonomy":"product_brand","embeddable":true,"href":"https:\/\/lenacriveanu.ro\/shop\/wp-json\/wp\/v2\/product_brand?post=766"},{"taxonomy":"product_cat","embeddable":true,"href":"https:\/\/lenacriveanu.ro\/shop\/wp-json\/wp\/v2\/product_cat?post=766"},{"taxonomy":"product_tag","embeddable":true,"href":"https:\/\/lenacriveanu.ro\/shop\/wp-json\/wp\/v2\/product_tag?post=766"}],"curies":[{"name":"wp","href":"https:\/\/api.w.org\/{rel}","templated":true}]}}