{"id":615,"date":"2025-11-13T13:20:50","date_gmt":"2025-11-13T11:20:50","guid":{"rendered":"https:\/\/lenacriveanu.ro\/shop\/?post_type=product&#038;p=615"},"modified":"2025-12-17T14:36:39","modified_gmt":"2025-12-17T12:36:39","slug":"pantalon-fermoar-fata","status":"publish","type":"product","link":"https:\/\/lenacriveanu.ro\/shop\/product\/pantalon-fermoar-fata\/","title":{"rendered":"Pantalon cu Pliuri"},"content":{"rendered":"<p>Pantaloni lungi stil palazzo, cu croial\u0103 ampl\u0103 \u0219i talie \u00eenalt\u0103. Pliuri ad\u00e2nci care ofer\u0103 lejeritate pe fa\u021b\u0103 \u0219i pe spate. Buzunare laterale func\u021bionale \u0219i \u00eenchidere pe fa\u021b\u0103 cu fermoar ascuns \u0219i sistem tip c\u00e2rlig.<\/p>\n<p><strong>Material:<\/strong> L\u00e2n\u0103 &amp; Polyester<\/p>\n<p class=\"p1\">\n","protected":false},"excerpt":{"rendered":"<p>Pantaloni lungi stil palazzo, cu croial\u0103 ampl\u0103 \u0219i talie \u00eenalt\u0103.<\/p>\n","protected":false},"featured_media":982,"comment_status":"open","ping_status":"closed","template":"","meta":{"inline_featured_image":false},"product_brand":[],"product_cat":[28,52,25],"product_tag":[],"class_list":{"0":"post-615","1":"product","2":"type-product","3":"status-publish","4":"has-post-thumbnail","6":"product_cat-pantaloni","7":"product_cat-pantaloni-office","8":"product_cat-shop","10":"first","11":"instock","12":"shipping-taxable","13":"purchasable","14":"product-type-variable","15":"has-default-attributes"},"_links":{"self":[{"href":"https:\/\/lenacriveanu.ro\/shop\/wp-json\/wp\/v2\/product\/615","targetHints":{"allow":["GET"]}}],"collection":[{"href":"https:\/\/lenacriveanu.ro\/shop\/wp-json\/wp\/v2\/product"}],"about":[{"href":"https:\/\/lenacriveanu.ro\/shop\/wp-json\/wp\/v2\/types\/product"}],"replies":[{"embeddable":true,"href":"https:\/\/lenacriveanu.ro\/shop\/wp-json\/wp\/v2\/comments?post=615"}],"wp:featuredmedia":[{"embeddable":true,"href":"https:\/\/lenacriveanu.ro\/shop\/wp-json\/wp\/v2\/media\/982"}],"wp:attachment":[{"href":"https:\/\/lenacriveanu.ro\/shop\/wp-json\/wp\/v2\/media?parent=615"}],"wp:term":[{"taxonomy":"product_brand","embeddable":true,"href":"https:\/\/lenacriveanu.ro\/shop\/wp-json\/wp\/v2\/product_brand?post=615"},{"taxonomy":"product_cat","embeddable":true,"href":"https:\/\/lenacriveanu.ro\/shop\/wp-json\/wp\/v2\/product_cat?post=615"},{"taxonomy":"product_tag","embeddable":true,"href":"https:\/\/lenacriveanu.ro\/shop\/wp-json\/wp\/v2\/product_tag?post=615"}],"curies":[{"name":"wp","href":"https:\/\/api.w.org\/{rel}","templated":true}]}}