{"id":494,"date":"2025-11-07T09:56:46","date_gmt":"2025-11-07T07:56:46","guid":{"rendered":"https:\/\/lenacriveanu.ro\/shop\/?post_type=product&#038;p=494"},"modified":"2025-12-17T14:37:36","modified_gmt":"2025-12-17T12:37:36","slug":"camasa-office-funda-copy","status":"publish","type":"product","link":"https:\/\/lenacriveanu.ro\/shop\/product\/camasa-office-funda-copy\/","title":{"rendered":"Fust\u0103 Office \u00een Contrast"},"content":{"rendered":"<p>Fust\u0103 midi din stof\u0103, cu panou asimetric in contrast bleumarin cu gri. Talie \u00eenalt\u0103 \u0219i pliuri ad\u00e2nci \u00een fa\u021b\u0103 \u0219i spate pentru o \u021binut\u0103 elegant\u0103 \u0219i lejeritate. \u00cenchidere cu doi nasturi ascun\u0219i \u0219i cordon reglabil care se prinde lateral \u00een dou\u0103 catarame metalice. Buzunare pe ambele p\u0103r\u021bi ale fustei.<\/p>\n<p><strong>Material:<\/strong> L\u00e2n\u0103 &amp; Polyester<\/p>\n<p class=\"p1\">\n","protected":false},"excerpt":{"rendered":"<p>Fust\u0103 midi din stof\u0103, cu panou asimetric in contrast bleumarin cu gri. Talie \u00eenalt\u0103 \u0219i pliuri ad\u00e2nci \u00een fa\u021b\u0103 \u0219i spate pentru o \u021binut\u0103 elegant\u0103 \u0219i lejeritate.<\/p>\n","protected":false},"featured_media":932,"comment_status":"open","ping_status":"closed","template":"","meta":{"inline_featured_image":false},"product_brand":[],"product_cat":[55,25],"product_tag":[],"class_list":{"0":"post-494","1":"product","2":"type-product","3":"status-publish","4":"has-post-thumbnail","6":"product_cat-fuste-office","7":"product_cat-shop","9":"first","10":"instock","11":"shipping-taxable","12":"purchasable","13":"product-type-variable","14":"has-default-attributes"},"_links":{"self":[{"href":"https:\/\/lenacriveanu.ro\/shop\/wp-json\/wp\/v2\/product\/494","targetHints":{"allow":["GET"]}}],"collection":[{"href":"https:\/\/lenacriveanu.ro\/shop\/wp-json\/wp\/v2\/product"}],"about":[{"href":"https:\/\/lenacriveanu.ro\/shop\/wp-json\/wp\/v2\/types\/product"}],"replies":[{"embeddable":true,"href":"https:\/\/lenacriveanu.ro\/shop\/wp-json\/wp\/v2\/comments?post=494"}],"wp:featuredmedia":[{"embeddable":true,"href":"https:\/\/lenacriveanu.ro\/shop\/wp-json\/wp\/v2\/media\/932"}],"wp:attachment":[{"href":"https:\/\/lenacriveanu.ro\/shop\/wp-json\/wp\/v2\/media?parent=494"}],"wp:term":[{"taxonomy":"product_brand","embeddable":true,"href":"https:\/\/lenacriveanu.ro\/shop\/wp-json\/wp\/v2\/product_brand?post=494"},{"taxonomy":"product_cat","embeddable":true,"href":"https:\/\/lenacriveanu.ro\/shop\/wp-json\/wp\/v2\/product_cat?post=494"},{"taxonomy":"product_tag","embeddable":true,"href":"https:\/\/lenacriveanu.ro\/shop\/wp-json\/wp\/v2\/product_tag?post=494"}],"curies":[{"name":"wp","href":"https:\/\/api.w.org\/{rel}","templated":true}]}}