{"id":459,"date":"2025-11-07T09:42:17","date_gmt":"2025-11-07T07:42:17","guid":{"rendered":"https:\/\/lenacriveanu.ro\/shop\/?post_type=product&#038;p=459"},"modified":"2025-12-17T14:41:52","modified_gmt":"2025-12-17T12:41:52","slug":"bluza-cu-panou-pe-spate","status":"publish","type":"product","link":"https:\/\/lenacriveanu.ro\/shop\/product\/bluza-cu-panou-pe-spate\/","title":{"rendered":"Bluz\u0103 cu Panou pe Spate"},"content":{"rendered":"<p>Bluz\u0103 din stof\u0103 \u00een dou\u0103 tonuri, av\u00e2nd la spate un panou \u00een contrast bleumarin cu gri, cu croial\u0103 lejer\u0103 \u0219i m\u00e2neci lungi. Decupaj la spate cu \u00eenchidere discret\u0103 cu nasture. Spatele este prev\u0103zut cu un pliu central pentru lejeritate \u00een mi\u0219care.<\/p>\n<p><strong>Material:<\/strong> L\u00e2n\u0103 &amp; Polyester<\/p>\n<p class=\"p1\">\n","protected":false},"excerpt":{"rendered":"<p>Bluz\u0103 din stof\u0103 \u00een dou\u0103 tonuri, av\u00e2nd la spate un panou \u00een contrast bleumarin cu gri, cu croial\u0103 lejer\u0103 \u0219i m\u00e2neci lungi.<\/p>\n","protected":false},"featured_media":936,"comment_status":"open","ping_status":"closed","template":"","meta":{"inline_featured_image":false},"product_brand":[],"product_cat":[50,25],"product_tag":[],"class_list":{"0":"post-459","1":"product","2":"type-product","3":"status-publish","4":"has-post-thumbnail","6":"product_cat-bluze-office","7":"product_cat-shop","9":"first","10":"instock","11":"shipping-taxable","12":"purchasable","13":"product-type-variable","14":"has-default-attributes"},"_links":{"self":[{"href":"https:\/\/lenacriveanu.ro\/shop\/wp-json\/wp\/v2\/product\/459","targetHints":{"allow":["GET"]}}],"collection":[{"href":"https:\/\/lenacriveanu.ro\/shop\/wp-json\/wp\/v2\/product"}],"about":[{"href":"https:\/\/lenacriveanu.ro\/shop\/wp-json\/wp\/v2\/types\/product"}],"replies":[{"embeddable":true,"href":"https:\/\/lenacriveanu.ro\/shop\/wp-json\/wp\/v2\/comments?post=459"}],"wp:featuredmedia":[{"embeddable":true,"href":"https:\/\/lenacriveanu.ro\/shop\/wp-json\/wp\/v2\/media\/936"}],"wp:attachment":[{"href":"https:\/\/lenacriveanu.ro\/shop\/wp-json\/wp\/v2\/media?parent=459"}],"wp:term":[{"taxonomy":"product_brand","embeddable":true,"href":"https:\/\/lenacriveanu.ro\/shop\/wp-json\/wp\/v2\/product_brand?post=459"},{"taxonomy":"product_cat","embeddable":true,"href":"https:\/\/lenacriveanu.ro\/shop\/wp-json\/wp\/v2\/product_cat?post=459"},{"taxonomy":"product_tag","embeddable":true,"href":"https:\/\/lenacriveanu.ro\/shop\/wp-json\/wp\/v2\/product_tag?post=459"}],"curies":[{"name":"wp","href":"https:\/\/api.w.org\/{rel}","templated":true}]}}