{"id":450,"date":"2025-11-07T09:36:18","date_gmt":"2025-11-07T07:36:18","guid":{"rendered":"https:\/\/lenacriveanu.ro\/shop\/?post_type=product&#038;p=450"},"modified":"2025-12-17T14:43:22","modified_gmt":"2025-12-17T12:43:22","slug":"wrap-over-negru","status":"publish","type":"product","link":"https:\/\/lenacriveanu.ro\/shop\/product\/wrap-over-negru\/","title":{"rendered":"Wrap Over Negru"},"content":{"rendered":"<p>Jachet\u0103 tip wrap-over cu guler amplu \u0219i m\u00e2neci trei sferturi. \u00cenchiderea se face prin suprapunere \u0219i se ajusteaz\u0103 \u00een talie cu un cordon mobil, care se poate lega liber \u00een fa\u021ba sau lateral.<\/p>\n<p><strong>Material:<\/strong> V\u00eescoz\u0103 &amp; Polyester<\/p>\n<p class=\"p1\">\n","protected":false},"excerpt":{"rendered":"<p>Jachet\u0103 tip wrap-over cu guler amplu \u0219i m\u00e2neci trei sferturi.<\/p>\n","protected":false},"featured_media":986,"comment_status":"open","ping_status":"closed","template":"","meta":{"inline_featured_image":false},"product_brand":[],"product_cat":[33,54,25],"product_tag":[],"class_list":{"0":"post-450","1":"product","2":"type-product","3":"status-publish","4":"has-post-thumbnail","6":"product_cat-jachete-paltoane","7":"product_cat-jachete-office","8":"product_cat-shop","10":"first","11":"instock","12":"shipping-taxable","13":"purchasable","14":"product-type-variable","15":"has-default-attributes"},"_links":{"self":[{"href":"https:\/\/lenacriveanu.ro\/shop\/wp-json\/wp\/v2\/product\/450","targetHints":{"allow":["GET"]}}],"collection":[{"href":"https:\/\/lenacriveanu.ro\/shop\/wp-json\/wp\/v2\/product"}],"about":[{"href":"https:\/\/lenacriveanu.ro\/shop\/wp-json\/wp\/v2\/types\/product"}],"replies":[{"embeddable":true,"href":"https:\/\/lenacriveanu.ro\/shop\/wp-json\/wp\/v2\/comments?post=450"}],"wp:featuredmedia":[{"embeddable":true,"href":"https:\/\/lenacriveanu.ro\/shop\/wp-json\/wp\/v2\/media\/986"}],"wp:attachment":[{"href":"https:\/\/lenacriveanu.ro\/shop\/wp-json\/wp\/v2\/media?parent=450"}],"wp:term":[{"taxonomy":"product_brand","embeddable":true,"href":"https:\/\/lenacriveanu.ro\/shop\/wp-json\/wp\/v2\/product_brand?post=450"},{"taxonomy":"product_cat","embeddable":true,"href":"https:\/\/lenacriveanu.ro\/shop\/wp-json\/wp\/v2\/product_cat?post=450"},{"taxonomy":"product_tag","embeddable":true,"href":"https:\/\/lenacriveanu.ro\/shop\/wp-json\/wp\/v2\/product_tag?post=450"}],"curies":[{"name":"wp","href":"https:\/\/api.w.org\/{rel}","templated":true}]}}