{"id":441,"date":"2025-11-07T09:33:08","date_gmt":"2025-11-07T07:33:08","guid":{"rendered":"https:\/\/lenacriveanu.ro\/shop\/?post_type=product&#038;p=441"},"modified":"2025-12-17T14:46:45","modified_gmt":"2025-12-17T12:46:45","slug":"jacheta-organza","status":"publish","type":"product","link":"https:\/\/lenacriveanu.ro\/shop\/product\/jacheta-organza\/","title":{"rendered":"Jacheta din Organza"},"content":{"rendered":"<p>Jacheta din organza neagr\u0103, cu decolteu ad\u00e2nc \u00een V \u0219i m\u00e2neci scurte cu umeri structurati. Forma peplum bine definita, in special la spate prin straturi suprapuse, si marcat\u0103 in talie cu o banda lata din velur. Inchidere tip carlig in fata.<\/p>\n<p class=\"p1\"><strong>Material:<\/strong> Polyester cu detalii din Matase<\/p>\n<p class=\"p1\">\n","protected":false},"excerpt":{"rendered":"<p>Jacheta din organza neagr\u0103, cu decolteu ad\u00e2nc \u00een V \u0219i m\u00e2neci scurte cu umeri structurati.<\/p>\n","protected":false},"featured_media":987,"comment_status":"open","ping_status":"closed","template":"","meta":{"inline_featured_image":false},"product_brand":[],"product_cat":[33,25],"product_tag":[],"class_list":{"0":"post-441","1":"product","2":"type-product","3":"status-publish","4":"has-post-thumbnail","6":"product_cat-jachete-paltoane","7":"product_cat-shop","9":"first","10":"instock","11":"shipping-taxable","12":"purchasable","13":"product-type-variable","14":"has-default-attributes"},"_links":{"self":[{"href":"https:\/\/lenacriveanu.ro\/shop\/wp-json\/wp\/v2\/product\/441","targetHints":{"allow":["GET"]}}],"collection":[{"href":"https:\/\/lenacriveanu.ro\/shop\/wp-json\/wp\/v2\/product"}],"about":[{"href":"https:\/\/lenacriveanu.ro\/shop\/wp-json\/wp\/v2\/types\/product"}],"replies":[{"embeddable":true,"href":"https:\/\/lenacriveanu.ro\/shop\/wp-json\/wp\/v2\/comments?post=441"}],"wp:featuredmedia":[{"embeddable":true,"href":"https:\/\/lenacriveanu.ro\/shop\/wp-json\/wp\/v2\/media\/987"}],"wp:attachment":[{"href":"https:\/\/lenacriveanu.ro\/shop\/wp-json\/wp\/v2\/media?parent=441"}],"wp:term":[{"taxonomy":"product_brand","embeddable":true,"href":"https:\/\/lenacriveanu.ro\/shop\/wp-json\/wp\/v2\/product_brand?post=441"},{"taxonomy":"product_cat","embeddable":true,"href":"https:\/\/lenacriveanu.ro\/shop\/wp-json\/wp\/v2\/product_cat?post=441"},{"taxonomy":"product_tag","embeddable":true,"href":"https:\/\/lenacriveanu.ro\/shop\/wp-json\/wp\/v2\/product_tag?post=441"}],"curies":[{"name":"wp","href":"https:\/\/api.w.org\/{rel}","templated":true}]}}