{"id":433,"date":"2025-11-07T09:30:24","date_gmt":"2025-11-07T07:30:24","guid":{"rendered":"https:\/\/lenacriveanu.ro\/shop\/?post_type=product&#038;p=433"},"modified":"2025-12-17T14:47:30","modified_gmt":"2025-12-17T12:47:30","slug":"jacheta-neagra-cu-mansete-albe","status":"publish","type":"product","link":"https:\/\/lenacriveanu.ro\/shop\/product\/jacheta-neagra-cu-mansete-albe\/","title":{"rendered":"Jacheta Neagra cu Mansete Albe"},"content":{"rendered":"<p>Jachet\u0103 scurt\u0103 neagr\u0103 din m\u0103tase cu textura de rips, cu m\u00e2neci largi cu termina\u021bii contrastante albe. Guler amplu cu rever cu posibilitatea \u00eenchiderii pe g\u00e2t. \u00cenchidere \u00een fa\u021b\u0103 cu capse \u0219i buzunare laterale.<\/p>\n<p class=\"p1\"><strong>Material:<\/strong> M\u0103tase<\/p>\n<p class=\"p1\">\n","protected":false},"excerpt":{"rendered":"<p>Jachet\u0103 scurt\u0103 neagr\u0103 din m\u0103tase cu textura de rips, cu m\u00e2neci largi cu termina\u021bii contrastante albe.<\/p>\n","protected":false},"featured_media":1034,"comment_status":"open","ping_status":"closed","template":"","meta":{"inline_featured_image":false},"product_brand":[],"product_cat":[33,25],"product_tag":[],"class_list":{"0":"post-433","1":"product","2":"type-product","3":"status-publish","4":"has-post-thumbnail","6":"product_cat-jachete-paltoane","7":"product_cat-shop","9":"first","10":"instock","11":"shipping-taxable","12":"purchasable","13":"product-type-variable","14":"has-default-attributes"},"_links":{"self":[{"href":"https:\/\/lenacriveanu.ro\/shop\/wp-json\/wp\/v2\/product\/433","targetHints":{"allow":["GET"]}}],"collection":[{"href":"https:\/\/lenacriveanu.ro\/shop\/wp-json\/wp\/v2\/product"}],"about":[{"href":"https:\/\/lenacriveanu.ro\/shop\/wp-json\/wp\/v2\/types\/product"}],"replies":[{"embeddable":true,"href":"https:\/\/lenacriveanu.ro\/shop\/wp-json\/wp\/v2\/comments?post=433"}],"wp:featuredmedia":[{"embeddable":true,"href":"https:\/\/lenacriveanu.ro\/shop\/wp-json\/wp\/v2\/media\/1034"}],"wp:attachment":[{"href":"https:\/\/lenacriveanu.ro\/shop\/wp-json\/wp\/v2\/media?parent=433"}],"wp:term":[{"taxonomy":"product_brand","embeddable":true,"href":"https:\/\/lenacriveanu.ro\/shop\/wp-json\/wp\/v2\/product_brand?post=433"},{"taxonomy":"product_cat","embeddable":true,"href":"https:\/\/lenacriveanu.ro\/shop\/wp-json\/wp\/v2\/product_cat?post=433"},{"taxonomy":"product_tag","embeddable":true,"href":"https:\/\/lenacriveanu.ro\/shop\/wp-json\/wp\/v2\/product_tag?post=433"}],"curies":[{"name":"wp","href":"https:\/\/api.w.org\/{rel}","templated":true}]}}