{"id":328,"date":"2025-10-10T06:52:41","date_gmt":"2025-10-10T06:52:41","guid":{"rendered":"https:\/\/lenacriveanu.ro\/shop\/?post_type=product&#038;p=328"},"modified":"2025-12-17T14:53:52","modified_gmt":"2025-12-17T12:53:52","slug":"fusta-metalizata-cu-volane","status":"publish","type":"product","link":"https:\/\/lenacriveanu.ro\/shop\/product\/fusta-metalizata-cu-volane\/","title":{"rendered":"Fusta Metalizata cu Volane"},"content":{"rendered":"<p>Fust\u0103 lung\u0103 din material metalizat, cu talie elastic\u0103 cu snur \u0219i volum amplu \u00een straturi suprapuse de volane. Detalii cu \u0219nururi cu paiete aplicate \u00eentre volane in diferite pozitii aleatorii.<\/p>\n<p class=\"p1\"><strong>Material:<\/strong> Polyester cu Fir Metalizat<\/p>\n<p class=\"p1\">\n","protected":false},"excerpt":{"rendered":"<p>Fust\u0103 lung\u0103 din material metalizat, cu talie elastic\u0103 cu snur \u0219i volum amplu \u00een straturi suprapuse de volane.<\/p>\n","protected":false},"featured_media":991,"comment_status":"open","ping_status":"closed","template":"","meta":{"inline_featured_image":false},"product_brand":[],"product_cat":[29,25],"product_tag":[],"class_list":{"0":"post-328","1":"product","2":"type-product","3":"status-publish","4":"has-post-thumbnail","6":"product_cat-fuste","7":"product_cat-shop","9":"first","10":"instock","11":"shipping-taxable","12":"purchasable","13":"product-type-variable","14":"has-default-attributes"},"_links":{"self":[{"href":"https:\/\/lenacriveanu.ro\/shop\/wp-json\/wp\/v2\/product\/328","targetHints":{"allow":["GET"]}}],"collection":[{"href":"https:\/\/lenacriveanu.ro\/shop\/wp-json\/wp\/v2\/product"}],"about":[{"href":"https:\/\/lenacriveanu.ro\/shop\/wp-json\/wp\/v2\/types\/product"}],"replies":[{"embeddable":true,"href":"https:\/\/lenacriveanu.ro\/shop\/wp-json\/wp\/v2\/comments?post=328"}],"wp:featuredmedia":[{"embeddable":true,"href":"https:\/\/lenacriveanu.ro\/shop\/wp-json\/wp\/v2\/media\/991"}],"wp:attachment":[{"href":"https:\/\/lenacriveanu.ro\/shop\/wp-json\/wp\/v2\/media?parent=328"}],"wp:term":[{"taxonomy":"product_brand","embeddable":true,"href":"https:\/\/lenacriveanu.ro\/shop\/wp-json\/wp\/v2\/product_brand?post=328"},{"taxonomy":"product_cat","embeddable":true,"href":"https:\/\/lenacriveanu.ro\/shop\/wp-json\/wp\/v2\/product_cat?post=328"},{"taxonomy":"product_tag","embeddable":true,"href":"https:\/\/lenacriveanu.ro\/shop\/wp-json\/wp\/v2\/product_tag?post=328"}],"curies":[{"name":"wp","href":"https:\/\/api.w.org\/{rel}","templated":true}]}}