{"id":308,"date":"2025-10-10T06:46:54","date_gmt":"2025-10-10T06:46:54","guid":{"rendered":"https:\/\/lenacriveanu.ro\/shop\/?post_type=product&#038;p=308"},"modified":"2025-12-17T14:56:57","modified_gmt":"2025-12-17T12:56:57","slug":"bluza-maneci-de-voal","status":"publish","type":"product","link":"https:\/\/lenacriveanu.ro\/shop\/product\/bluza-maneci-de-voal\/","title":{"rendered":"Bluz\u0103 M\u00e2neci de Voal"},"content":{"rendered":"<p>Bluz\u0103 din material fluid cu m\u00e2neci lungi transparente, man\u0219ete late cu nasturi floare \u0219i imprimeu de libelule aurii pe fa\u021b\u0103. Decolteu rotund \u0219i \u00eenchidere discret\u0103 cu nasture la spate.<\/p>\n<p class=\"p1\"><strong>Material:<\/strong> V\u00eescoz\u0103, M\u0103tase<\/p>\n<p class=\"p1\">\n","protected":false},"excerpt":{"rendered":"<p>Bluz\u0103 din material fluid cu m\u00e2neci lungi transparente, man\u0219ete late cu nasturi floare \u0219i imprimeu de libelule aurii pe fa\u021b\u0103.<\/p>\n","protected":false},"featured_media":1029,"comment_status":"open","ping_status":"closed","template":"","meta":{"inline_featured_image":false},"product_brand":[],"product_cat":[31,25],"product_tag":[],"class_list":{"0":"post-308","1":"product","2":"type-product","3":"status-publish","4":"has-post-thumbnail","6":"product_cat-bluze","7":"product_cat-shop","9":"first","10":"instock","11":"shipping-taxable","12":"purchasable","13":"product-type-variable","14":"has-default-attributes"},"_links":{"self":[{"href":"https:\/\/lenacriveanu.ro\/shop\/wp-json\/wp\/v2\/product\/308","targetHints":{"allow":["GET"]}}],"collection":[{"href":"https:\/\/lenacriveanu.ro\/shop\/wp-json\/wp\/v2\/product"}],"about":[{"href":"https:\/\/lenacriveanu.ro\/shop\/wp-json\/wp\/v2\/types\/product"}],"replies":[{"embeddable":true,"href":"https:\/\/lenacriveanu.ro\/shop\/wp-json\/wp\/v2\/comments?post=308"}],"wp:featuredmedia":[{"embeddable":true,"href":"https:\/\/lenacriveanu.ro\/shop\/wp-json\/wp\/v2\/media\/1029"}],"wp:attachment":[{"href":"https:\/\/lenacriveanu.ro\/shop\/wp-json\/wp\/v2\/media?parent=308"}],"wp:term":[{"taxonomy":"product_brand","embeddable":true,"href":"https:\/\/lenacriveanu.ro\/shop\/wp-json\/wp\/v2\/product_brand?post=308"},{"taxonomy":"product_cat","embeddable":true,"href":"https:\/\/lenacriveanu.ro\/shop\/wp-json\/wp\/v2\/product_cat?post=308"},{"taxonomy":"product_tag","embeddable":true,"href":"https:\/\/lenacriveanu.ro\/shop\/wp-json\/wp\/v2\/product_tag?post=308"}],"curies":[{"name":"wp","href":"https:\/\/api.w.org\/{rel}","templated":true}]}}