{"id":299,"date":"2025-10-10T06:41:11","date_gmt":"2025-10-10T06:41:11","guid":{"rendered":"https:\/\/lenacriveanu.ro\/shop\/?post_type=product&#038;p=299"},"modified":"2025-12-17T14:58:52","modified_gmt":"2025-12-17T12:58:52","slug":"jacheta-aplicatii","status":"publish","type":"product","link":"https:\/\/lenacriveanu.ro\/shop\/product\/jacheta-aplicatii\/","title":{"rendered":"Jachet\u0103 cu Aplica\u021bii"},"content":{"rendered":"<p>Jachet\u0103 scurt\u0103 cu m\u00e2nec\u0103 trei sferturi, realizat\u0103 din material satinat cu imprimeu colorat \u00een nuan\u021be de roz, ro\u0219u \u0219i gri. Guler cu rever \u0219i \u00eenchidere lateral\u0103 cu \u0219nur sub\u021bire, detalii cu aplica\u021bii din diferite texturi de materiale.<\/p>\n<p class=\"p1\"><strong>Material:<\/strong> Bumbac<\/p>\n<p class=\"p1\">\n","protected":false},"excerpt":{"rendered":"<p>Jachet\u0103 scurt\u0103 cu m\u00e2nec\u0103 trei sferturi, realizat\u0103 din material satinat cu imprimeu colorat \u00een nuan\u021be de roz, ro\u0219u \u0219i gri.<\/p>\n","protected":false},"featured_media":938,"comment_status":"open","ping_status":"closed","template":"","meta":{"inline_featured_image":false},"product_brand":[],"product_cat":[33,25],"product_tag":[],"class_list":{"0":"post-299","1":"product","2":"type-product","3":"status-publish","4":"has-post-thumbnail","6":"product_cat-jachete-paltoane","7":"product_cat-shop","9":"first","10":"instock","11":"shipping-taxable","12":"purchasable","13":"product-type-variable","14":"has-default-attributes"},"_links":{"self":[{"href":"https:\/\/lenacriveanu.ro\/shop\/wp-json\/wp\/v2\/product\/299","targetHints":{"allow":["GET"]}}],"collection":[{"href":"https:\/\/lenacriveanu.ro\/shop\/wp-json\/wp\/v2\/product"}],"about":[{"href":"https:\/\/lenacriveanu.ro\/shop\/wp-json\/wp\/v2\/types\/product"}],"replies":[{"embeddable":true,"href":"https:\/\/lenacriveanu.ro\/shop\/wp-json\/wp\/v2\/comments?post=299"}],"wp:featuredmedia":[{"embeddable":true,"href":"https:\/\/lenacriveanu.ro\/shop\/wp-json\/wp\/v2\/media\/938"}],"wp:attachment":[{"href":"https:\/\/lenacriveanu.ro\/shop\/wp-json\/wp\/v2\/media?parent=299"}],"wp:term":[{"taxonomy":"product_brand","embeddable":true,"href":"https:\/\/lenacriveanu.ro\/shop\/wp-json\/wp\/v2\/product_brand?post=299"},{"taxonomy":"product_cat","embeddable":true,"href":"https:\/\/lenacriveanu.ro\/shop\/wp-json\/wp\/v2\/product_cat?post=299"},{"taxonomy":"product_tag","embeddable":true,"href":"https:\/\/lenacriveanu.ro\/shop\/wp-json\/wp\/v2\/product_tag?post=299"}],"curies":[{"name":"wp","href":"https:\/\/api.w.org\/{rel}","templated":true}]}}