{"id":289,"date":"2025-10-10T06:38:23","date_gmt":"2025-10-10T06:38:23","guid":{"rendered":"https:\/\/lenacriveanu.ro\/shop\/?post_type=product&#038;p=289"},"modified":"2026-04-15T16:25:59","modified_gmt":"2026-04-15T13:25:59","slug":"top-imprimeu-libelule","status":"publish","type":"product","link":"https:\/\/lenacriveanu.ro\/shop\/product\/top-imprimeu-libelule\/","title":{"rendered":"Top Imprimeu Libelule"},"content":{"rendered":"<p>Top lejer din poplin f\u0103r\u0103 m\u00e2neci, cu croial\u0103 dreapt\u0103 \u0219i imprimeu grafic de libelule pe piept \u0219i pe spate. Guler rotund delicat, conturat cu bie galben\u0103 \u0219i \u00eenchidere cu \u0219nur la spate.<\/p>\n<p class=\"p1\"><strong>Material:<\/strong> 100% Bumbac<\/p>\n<p class=\"p1\">\n","protected":false},"excerpt":{"rendered":"<p>Top lejer din poplin f\u0103r\u0103 m\u00e2neci, cu croial\u0103 dreapt\u0103 \u0219i imprimeu grafic de libelule pe piept \u0219i pe spate.<\/p>\n","protected":false},"featured_media":997,"comment_status":"open","ping_status":"closed","template":"","meta":{"inline_featured_image":false},"product_brand":[],"product_cat":[25,32],"product_tag":[],"class_list":{"0":"post-289","1":"product","2":"type-product","3":"status-publish","4":"has-post-thumbnail","6":"product_cat-shop","7":"product_cat-topuri","9":"first","10":"instock","11":"shipping-taxable","12":"purchasable","13":"product-type-variable","14":"has-default-attributes"},"_links":{"self":[{"href":"https:\/\/lenacriveanu.ro\/shop\/wp-json\/wp\/v2\/product\/289","targetHints":{"allow":["GET"]}}],"collection":[{"href":"https:\/\/lenacriveanu.ro\/shop\/wp-json\/wp\/v2\/product"}],"about":[{"href":"https:\/\/lenacriveanu.ro\/shop\/wp-json\/wp\/v2\/types\/product"}],"replies":[{"embeddable":true,"href":"https:\/\/lenacriveanu.ro\/shop\/wp-json\/wp\/v2\/comments?post=289"}],"wp:featuredmedia":[{"embeddable":true,"href":"https:\/\/lenacriveanu.ro\/shop\/wp-json\/wp\/v2\/media\/997"}],"wp:attachment":[{"href":"https:\/\/lenacriveanu.ro\/shop\/wp-json\/wp\/v2\/media?parent=289"}],"wp:term":[{"taxonomy":"product_brand","embeddable":true,"href":"https:\/\/lenacriveanu.ro\/shop\/wp-json\/wp\/v2\/product_brand?post=289"},{"taxonomy":"product_cat","embeddable":true,"href":"https:\/\/lenacriveanu.ro\/shop\/wp-json\/wp\/v2\/product_cat?post=289"},{"taxonomy":"product_tag","embeddable":true,"href":"https:\/\/lenacriveanu.ro\/shop\/wp-json\/wp\/v2\/product_tag?post=289"}],"curies":[{"name":"wp","href":"https:\/\/api.w.org\/{rel}","templated":true}]}}