{"id":278,"date":"2025-10-10T06:36:00","date_gmt":"2025-10-10T06:36:00","guid":{"rendered":"https:\/\/lenacriveanu.ro\/shop\/?post_type=product&#038;p=278"},"modified":"2025-12-17T15:01:19","modified_gmt":"2025-12-17T13:01:19","slug":"bluza-maneci-supradimensionate","status":"publish","type":"product","link":"https:\/\/lenacriveanu.ro\/shop\/product\/bluza-maneci-supradimensionate\/","title":{"rendered":"Bluz\u0103 M\u00e2neci Supradimensionate"},"content":{"rendered":"<p>Bluz\u0103 din poplin cu m\u00e2neci supradimensionate, str\u00e2nse cu \u0219nur negru \u0219i print cu libelule pe fa\u021b\u0103 \u0219i spate. Croi drept cu fit lejer \u0219i \u00eenchidere cu nasture la spatele g\u00e2tului.<\/p>\n<p class=\"p1\"><strong>Material:<\/strong> 100% Bumbac<\/p>\n<p class=\"p1\">\n","protected":false},"excerpt":{"rendered":"<p>Bluz\u0103 din poplin cu m\u00e2neci supradimensionate, str\u00e2nse cu \u0219nur negru \u0219i print cu libelule pe fa\u021b\u0103 \u0219i spate.<\/p>\n","protected":false},"featured_media":1440,"comment_status":"open","ping_status":"closed","template":"","meta":{"inline_featured_image":false},"product_brand":[],"product_cat":[31],"product_tag":[],"class_list":{"0":"post-278","1":"product","2":"type-product","3":"status-publish","4":"has-post-thumbnail","6":"product_cat-bluze","8":"first","9":"instock","10":"shipping-taxable","11":"purchasable","12":"product-type-variable","13":"has-default-attributes"},"_links":{"self":[{"href":"https:\/\/lenacriveanu.ro\/shop\/wp-json\/wp\/v2\/product\/278","targetHints":{"allow":["GET"]}}],"collection":[{"href":"https:\/\/lenacriveanu.ro\/shop\/wp-json\/wp\/v2\/product"}],"about":[{"href":"https:\/\/lenacriveanu.ro\/shop\/wp-json\/wp\/v2\/types\/product"}],"replies":[{"embeddable":true,"href":"https:\/\/lenacriveanu.ro\/shop\/wp-json\/wp\/v2\/comments?post=278"}],"wp:featuredmedia":[{"embeddable":true,"href":"https:\/\/lenacriveanu.ro\/shop\/wp-json\/wp\/v2\/media\/1440"}],"wp:attachment":[{"href":"https:\/\/lenacriveanu.ro\/shop\/wp-json\/wp\/v2\/media?parent=278"}],"wp:term":[{"taxonomy":"product_brand","embeddable":true,"href":"https:\/\/lenacriveanu.ro\/shop\/wp-json\/wp\/v2\/product_brand?post=278"},{"taxonomy":"product_cat","embeddable":true,"href":"https:\/\/lenacriveanu.ro\/shop\/wp-json\/wp\/v2\/product_cat?post=278"},{"taxonomy":"product_tag","embeddable":true,"href":"https:\/\/lenacriveanu.ro\/shop\/wp-json\/wp\/v2\/product_tag?post=278"}],"curies":[{"name":"wp","href":"https:\/\/api.w.org\/{rel}","templated":true}]}}