{"id":1412,"date":"2025-12-15T15:24:16","date_gmt":"2025-12-15T13:24:16","guid":{"rendered":"https:\/\/lenacriveanu.ro\/shop\/?post_type=product&#038;p=1412"},"modified":"2026-04-15T16:25:59","modified_gmt":"2026-04-15T13:25:59","slug":"top-imprimeu-polaris","status":"publish","type":"product","link":"https:\/\/lenacriveanu.ro\/shop\/product\/top-imprimeu-polaris\/","title":{"rendered":"Top Imprimeu Polaris"},"content":{"rendered":"<p><span class=\"a_GcMg font-feature-liga-off font-feature-clig-off font-feature-calt-off text-decoration-none text-strikethrough-none\">Top lejer din bumbac, f\u0103r\u0103 m\u00e2neci, cu croial\u0103 dreapt\u0103 \u0219i decorat \u00een fa\u021b\u0103 cu imprimeu Polaris, compus din libelule aurii. Lungime asimetric\u0103, spatele fiind mai lung ca fa\u021ba. \u00cenchidere la spatele g\u00e2tului cu cordon sub\u021bire.<\/span><\/p>\n<p class=\"p1\"><strong>Material:<\/strong> Bumbac<\/p>\n<p class=\"p1\">\n","protected":false},"excerpt":{"rendered":"<p>Pantaloni lungi tip palazzo, cu talie \u00eenalt\u0103 \u0219i croial\u0103 ampl\u0103.<\/p>\n","protected":false},"featured_media":1418,"comment_status":"open","ping_status":"closed","template":"","meta":{"inline_featured_image":false},"product_brand":[],"product_cat":[28,25],"product_tag":[],"class_list":{"0":"post-1412","1":"product","2":"type-product","3":"status-publish","4":"has-post-thumbnail","6":"product_cat-pantaloni","7":"product_cat-shop","9":"first","10":"instock","11":"shipping-taxable","12":"purchasable","13":"product-type-variable","14":"has-default-attributes"},"_links":{"self":[{"href":"https:\/\/lenacriveanu.ro\/shop\/wp-json\/wp\/v2\/product\/1412","targetHints":{"allow":["GET"]}}],"collection":[{"href":"https:\/\/lenacriveanu.ro\/shop\/wp-json\/wp\/v2\/product"}],"about":[{"href":"https:\/\/lenacriveanu.ro\/shop\/wp-json\/wp\/v2\/types\/product"}],"replies":[{"embeddable":true,"href":"https:\/\/lenacriveanu.ro\/shop\/wp-json\/wp\/v2\/comments?post=1412"}],"wp:featuredmedia":[{"embeddable":true,"href":"https:\/\/lenacriveanu.ro\/shop\/wp-json\/wp\/v2\/media\/1418"}],"wp:attachment":[{"href":"https:\/\/lenacriveanu.ro\/shop\/wp-json\/wp\/v2\/media?parent=1412"}],"wp:term":[{"taxonomy":"product_brand","embeddable":true,"href":"https:\/\/lenacriveanu.ro\/shop\/wp-json\/wp\/v2\/product_brand?post=1412"},{"taxonomy":"product_cat","embeddable":true,"href":"https:\/\/lenacriveanu.ro\/shop\/wp-json\/wp\/v2\/product_cat?post=1412"},{"taxonomy":"product_tag","embeddable":true,"href":"https:\/\/lenacriveanu.ro\/shop\/wp-json\/wp\/v2\/product_tag?post=1412"}],"curies":[{"name":"wp","href":"https:\/\/api.w.org\/{rel}","templated":true}]}}