{"id":1368,"date":"2025-12-15T14:24:31","date_gmt":"2025-12-15T12:24:31","guid":{"rendered":"https:\/\/lenacriveanu.ro\/shop\/?post_type=product&#038;p=1368"},"modified":"2025-12-16T21:01:08","modified_gmt":"2025-12-16T19:01:08","slug":"rochie-mini-in-carouri-bej","status":"publish","type":"product","link":"https:\/\/lenacriveanu.ro\/shop\/product\/rochie-mini-in-carouri-bej\/","title":{"rendered":"Rochie Mini \u00een Carouri Bej"},"content":{"rendered":"<p><span class=\"a_GcMg font-feature-liga-off font-feature-clig-off font-feature-calt-off text-decoration-none text-strikethrough-none\">Rochie scurt\u0103 cu m\u00e2neci lungi, realizat\u0103 din stof\u0103 \u00een carouri cu fir delicat auriu. Croial\u0103 dreapt\u0103, decolteu rotund \u0219i dou\u0103 buzunare aplicate \u00een fa\u021b\u0103. \u00cenchidere cu fermoar la spate.<\/span><\/p>\n<p><strong>Material:<\/strong> L\u00e2n\u0103 &amp; Polyester<\/p>\n<p class=\"p1\">\n","protected":false},"excerpt":{"rendered":"<p>Fust\u0103 midi din stof\u0103, cu panou asimetric in contrast bleumarin cu gri. Talie \u00eenalt\u0103 \u0219i pliuri ad\u00e2nci \u00een fa\u021b\u0103 \u0219i spate pentru o \u021binut\u0103 elegant\u0103 \u0219i lejeritate.<\/p>\n","protected":false},"featured_media":1374,"comment_status":"open","ping_status":"closed","template":"","meta":{"inline_featured_image":false},"product_brand":[],"product_cat":[53,25],"product_tag":[],"class_list":{"0":"post-1368","1":"product","2":"type-product","3":"status-publish","4":"has-post-thumbnail","6":"product_cat-rochii-office","7":"product_cat-shop","9":"first","10":"instock","11":"shipping-taxable","12":"purchasable","13":"product-type-variable","14":"has-default-attributes"},"_links":{"self":[{"href":"https:\/\/lenacriveanu.ro\/shop\/wp-json\/wp\/v2\/product\/1368","targetHints":{"allow":["GET"]}}],"collection":[{"href":"https:\/\/lenacriveanu.ro\/shop\/wp-json\/wp\/v2\/product"}],"about":[{"href":"https:\/\/lenacriveanu.ro\/shop\/wp-json\/wp\/v2\/types\/product"}],"replies":[{"embeddable":true,"href":"https:\/\/lenacriveanu.ro\/shop\/wp-json\/wp\/v2\/comments?post=1368"}],"wp:featuredmedia":[{"embeddable":true,"href":"https:\/\/lenacriveanu.ro\/shop\/wp-json\/wp\/v2\/media\/1374"}],"wp:attachment":[{"href":"https:\/\/lenacriveanu.ro\/shop\/wp-json\/wp\/v2\/media?parent=1368"}],"wp:term":[{"taxonomy":"product_brand","embeddable":true,"href":"https:\/\/lenacriveanu.ro\/shop\/wp-json\/wp\/v2\/product_brand?post=1368"},{"taxonomy":"product_cat","embeddable":true,"href":"https:\/\/lenacriveanu.ro\/shop\/wp-json\/wp\/v2\/product_cat?post=1368"},{"taxonomy":"product_tag","embeddable":true,"href":"https:\/\/lenacriveanu.ro\/shop\/wp-json\/wp\/v2\/product_tag?post=1368"}],"curies":[{"name":"wp","href":"https:\/\/api.w.org\/{rel}","templated":true}]}}