{"id":1333,"date":"2025-12-15T13:46:41","date_gmt":"2025-12-15T11:46:41","guid":{"rendered":"https:\/\/lenacriveanu.ro\/shop\/?post_type=product&#038;p=1333"},"modified":"2025-12-17T12:55:52","modified_gmt":"2025-12-17T10:55:52","slug":"bluza-maneca-cu-pliuri-si-dantela","status":"publish","type":"product","link":"https:\/\/lenacriveanu.ro\/shop\/product\/bluza-maneca-cu-pliuri-si-dantela\/","title":{"rendered":"Bluz\u0103 M\u00e2nec\u0103 Cu Pliuri \u0218i Dantel\u0103"},"content":{"rendered":"<p><span class=\"a_GcMg font-feature-liga-off font-feature-clig-off font-feature-calt-off text-decoration-none text-strikethrough-none\">Bluz\u0103 din material natural, cu m\u00e2neci scurte cu pliuri, finisate cu dantel\u0103 ivoire \u0219i detaliu cu cordoane sub\u021biri aplicate lateral. Design versatil, care permite legarea cordoanelor \u00een dou\u0103 feluri: \u00een fa\u021b\u0103 \u0219i spate sau lateral pe ambele p\u0103r\u021bi. \u00cenchidere discret\u0103 la spate cu nasture.<\/span><\/p>\n<p class=\"p1\"><strong>Material:<\/strong> V\u00eescoz\u0103<\/p>\n<p class=\"p1\">\n","protected":false},"excerpt":{"rendered":"<p>Bluz\u0103 din material fluid cu m\u00e2neci lungi transparente, man\u0219ete late cu nasturi floare \u0219i imprimeu de libelule aurii pe fa\u021b\u0103.<\/p>\n","protected":false},"featured_media":1339,"comment_status":"open","ping_status":"closed","template":"","meta":{"inline_featured_image":false},"product_brand":[],"product_cat":[31,50,25],"product_tag":[],"class_list":{"0":"post-1333","1":"product","2":"type-product","3":"status-publish","4":"has-post-thumbnail","6":"product_cat-bluze","7":"product_cat-bluze-office","8":"product_cat-shop","10":"first","11":"instock","12":"shipping-taxable","13":"purchasable","14":"product-type-variable","15":"has-default-attributes"},"_links":{"self":[{"href":"https:\/\/lenacriveanu.ro\/shop\/wp-json\/wp\/v2\/product\/1333","targetHints":{"allow":["GET"]}}],"collection":[{"href":"https:\/\/lenacriveanu.ro\/shop\/wp-json\/wp\/v2\/product"}],"about":[{"href":"https:\/\/lenacriveanu.ro\/shop\/wp-json\/wp\/v2\/types\/product"}],"replies":[{"embeddable":true,"href":"https:\/\/lenacriveanu.ro\/shop\/wp-json\/wp\/v2\/comments?post=1333"}],"wp:featuredmedia":[{"embeddable":true,"href":"https:\/\/lenacriveanu.ro\/shop\/wp-json\/wp\/v2\/media\/1339"}],"wp:attachment":[{"href":"https:\/\/lenacriveanu.ro\/shop\/wp-json\/wp\/v2\/media?parent=1333"}],"wp:term":[{"taxonomy":"product_brand","embeddable":true,"href":"https:\/\/lenacriveanu.ro\/shop\/wp-json\/wp\/v2\/product_brand?post=1333"},{"taxonomy":"product_cat","embeddable":true,"href":"https:\/\/lenacriveanu.ro\/shop\/wp-json\/wp\/v2\/product_cat?post=1333"},{"taxonomy":"product_tag","embeddable":true,"href":"https:\/\/lenacriveanu.ro\/shop\/wp-json\/wp\/v2\/product_tag?post=1333"}],"curies":[{"name":"wp","href":"https:\/\/api.w.org\/{rel}","templated":true}]}}