{"id":1313,"date":"2025-12-15T13:32:35","date_gmt":"2025-12-15T11:32:35","guid":{"rendered":"https:\/\/lenacriveanu.ro\/shop\/?post_type=product&#038;p=1313"},"modified":"2025-12-17T13:05:19","modified_gmt":"2025-12-17T11:05:19","slug":"maleta-mulata-cu-maneci-lungi","status":"publish","type":"product","link":"https:\/\/lenacriveanu.ro\/shop\/product\/maleta-mulata-cu-maneci-lungi\/","title":{"rendered":"Malet\u0103 Mulat\u0103 Cu M\u00e2neci Lungi"},"content":{"rendered":"<p><span class=\"a_GcMg font-feature-liga-off font-feature-clig-off font-feature-calt-off text-decoration-none text-strikethrough-none\">Malet\u0103 din material elastic, cu guler \u00eenalt \u0219i croial\u0103 mulat\u0103 pe corp. Se \u00eencheie prin \u00eembr\u0103care, f\u0103r\u0103 sistem de \u00eenchidere. Material u\u0219or, cu finisaj fin.<\/span><\/p>\n<p class=\"p1\"><strong>Material:<\/strong> Polyester<\/p>\n<p class=\"p1\">\n","protected":false},"excerpt":{"rendered":"<p>Bluz\u0103 din material fluid cu m\u00e2neci lungi transparente, man\u0219ete late cu nasturi floare \u0219i imprimeu de libelule aurii pe fa\u021b\u0103.<\/p>\n","protected":false},"featured_media":1319,"comment_status":"open","ping_status":"closed","template":"","meta":{"inline_featured_image":false},"product_brand":[],"product_cat":[31,50,25],"product_tag":[],"class_list":{"0":"post-1313","1":"product","2":"type-product","3":"status-publish","4":"has-post-thumbnail","6":"product_cat-bluze","7":"product_cat-bluze-office","8":"product_cat-shop","10":"first","11":"instock","12":"shipping-taxable","13":"purchasable","14":"product-type-variable","15":"has-default-attributes"},"_links":{"self":[{"href":"https:\/\/lenacriveanu.ro\/shop\/wp-json\/wp\/v2\/product\/1313","targetHints":{"allow":["GET"]}}],"collection":[{"href":"https:\/\/lenacriveanu.ro\/shop\/wp-json\/wp\/v2\/product"}],"about":[{"href":"https:\/\/lenacriveanu.ro\/shop\/wp-json\/wp\/v2\/types\/product"}],"replies":[{"embeddable":true,"href":"https:\/\/lenacriveanu.ro\/shop\/wp-json\/wp\/v2\/comments?post=1313"}],"wp:featuredmedia":[{"embeddable":true,"href":"https:\/\/lenacriveanu.ro\/shop\/wp-json\/wp\/v2\/media\/1319"}],"wp:attachment":[{"href":"https:\/\/lenacriveanu.ro\/shop\/wp-json\/wp\/v2\/media?parent=1313"}],"wp:term":[{"taxonomy":"product_brand","embeddable":true,"href":"https:\/\/lenacriveanu.ro\/shop\/wp-json\/wp\/v2\/product_brand?post=1313"},{"taxonomy":"product_cat","embeddable":true,"href":"https:\/\/lenacriveanu.ro\/shop\/wp-json\/wp\/v2\/product_cat?post=1313"},{"taxonomy":"product_tag","embeddable":true,"href":"https:\/\/lenacriveanu.ro\/shop\/wp-json\/wp\/v2\/product_tag?post=1313"}],"curies":[{"name":"wp","href":"https:\/\/api.w.org\/{rel}","templated":true}]}}