{"id":1255,"date":"2025-12-15T12:36:40","date_gmt":"2025-12-15T10:36:40","guid":{"rendered":"https:\/\/lenacriveanu.ro\/shop\/?post_type=product&#038;p=1255"},"modified":"2025-12-17T13:41:57","modified_gmt":"2025-12-17T11:41:57","slug":"fusta-asimetrica-cu-print-stea","status":"publish","type":"product","link":"https:\/\/lenacriveanu.ro\/shop\/product\/fusta-asimetrica-cu-print-stea\/","title":{"rendered":"Fust\u0103 Asimetric\u0103 Cu Print Stea"},"content":{"rendered":"<p><span class=\"a_GcMg font-feature-liga-off font-feature-clig-off font-feature-calt-off text-decoration-none text-strikethrough-none\">Fust\u0103 midi asimetric\u0103 cu talie reglabil\u0103, realizat\u0103 din tafta cu finisaj din organza. Imprimeu cu semnul steaua auriu \u0219i aplica\u021bii din paiete. Cordon ajustabil, care se \u00eenf\u0103\u0219oar\u0103 \u00een jurul taliei \u0219i se poate lega \u00een nod sau fund\u0103.<\/span><\/p>\n<p><strong>Material: Polyester &amp; Organza<\/strong><\/p>\n<p>&nbsp;<\/p>\n","protected":false},"excerpt":{"rendered":"<p>Fust\u0103 mini dreapt\u0103, acoperit\u0103 cu un model abstract compus integral din paiete.<\/p>\n","protected":false},"featured_media":1261,"comment_status":"open","ping_status":"closed","template":"","meta":{"inline_featured_image":false},"product_brand":[],"product_cat":[29,25],"product_tag":[],"class_list":{"0":"post-1255","1":"product","2":"type-product","3":"status-publish","4":"has-post-thumbnail","6":"product_cat-fuste","7":"product_cat-shop","9":"first","10":"instock","11":"shipping-taxable","12":"purchasable","13":"product-type-variable"},"_links":{"self":[{"href":"https:\/\/lenacriveanu.ro\/shop\/wp-json\/wp\/v2\/product\/1255","targetHints":{"allow":["GET"]}}],"collection":[{"href":"https:\/\/lenacriveanu.ro\/shop\/wp-json\/wp\/v2\/product"}],"about":[{"href":"https:\/\/lenacriveanu.ro\/shop\/wp-json\/wp\/v2\/types\/product"}],"replies":[{"embeddable":true,"href":"https:\/\/lenacriveanu.ro\/shop\/wp-json\/wp\/v2\/comments?post=1255"}],"wp:featuredmedia":[{"embeddable":true,"href":"https:\/\/lenacriveanu.ro\/shop\/wp-json\/wp\/v2\/media\/1261"}],"wp:attachment":[{"href":"https:\/\/lenacriveanu.ro\/shop\/wp-json\/wp\/v2\/media?parent=1255"}],"wp:term":[{"taxonomy":"product_brand","embeddable":true,"href":"https:\/\/lenacriveanu.ro\/shop\/wp-json\/wp\/v2\/product_brand?post=1255"},{"taxonomy":"product_cat","embeddable":true,"href":"https:\/\/lenacriveanu.ro\/shop\/wp-json\/wp\/v2\/product_cat?post=1255"},{"taxonomy":"product_tag","embeddable":true,"href":"https:\/\/lenacriveanu.ro\/shop\/wp-json\/wp\/v2\/product_tag?post=1255"}],"curies":[{"name":"wp","href":"https:\/\/api.w.org\/{rel}","templated":true}]}}