{"id":121,"date":"2025-10-09T16:57:55","date_gmt":"2025-10-09T16:57:55","guid":{"rendered":"http:\/\/doron"},"modified":"2026-04-15T16:25:59","modified_gmt":"2026-04-15T13:25:59","slug":"top-print-trandafir","status":"publish","type":"product","link":"https:\/\/lenacriveanu.ro\/shop\/product\/top-print-trandafir\/","title":{"rendered":"Top Rose Print"},"content":{"rendered":"<p>Top f\u0103r\u0103 m\u00e2neci din tafta, cu guler rotund \u0219i croial\u0103 dreapt\u0103, finisat cu bie, care ofer\u0103 un efect decorativ nefinisat. Detaliu de \u00eenchidere la spate prin \u0219nur sub\u021bire din acela\u0219i material. Imprimeu stilizat cu trandafir \u00een nuante de roz intens si rosu, pozi\u021bionat pe fat\u0103 \u0219i pe spate.<\/p>\n<p>Tafta de Polyester<\/p>\n","protected":false},"excerpt":{"rendered":"<p><span style=\"font-weight: 400;\">Top din tafta, cu croial\u0103 lejer\u0103, f\u0103r\u0103 m\u00e2neci, <\/span><span style=\"font-weight: 400;\">Pictura manual\u0103 \u2013 semn\u0103tura inconfundabil\u0103 a brandului Lena Criveanu. Decolteu rotund, se leag\u0103 delicat la spate cu \u0219nur. C\u0103ptu\u0219eal\u0103 din \u021bes\u0103tur\u0103 natural\u0103.\u00a0<\/span><\/p>\n","protected":false},"featured_media":1027,"comment_status":"open","ping_status":"closed","template":"","meta":{"inline_featured_image":false},"product_brand":[],"product_cat":[25,32],"product_tag":[],"class_list":{"0":"post-121","1":"product","2":"type-product","3":"status-publish","4":"has-post-thumbnail","6":"product_cat-shop","7":"product_cat-topuri","9":"first","10":"instock","11":"shipping-taxable","12":"purchasable","13":"product-type-variable","14":"has-default-attributes"},"_links":{"self":[{"href":"https:\/\/lenacriveanu.ro\/shop\/wp-json\/wp\/v2\/product\/121","targetHints":{"allow":["GET"]}}],"collection":[{"href":"https:\/\/lenacriveanu.ro\/shop\/wp-json\/wp\/v2\/product"}],"about":[{"href":"https:\/\/lenacriveanu.ro\/shop\/wp-json\/wp\/v2\/types\/product"}],"replies":[{"embeddable":true,"href":"https:\/\/lenacriveanu.ro\/shop\/wp-json\/wp\/v2\/comments?post=121"}],"wp:featuredmedia":[{"embeddable":true,"href":"https:\/\/lenacriveanu.ro\/shop\/wp-json\/wp\/v2\/media\/1027"}],"wp:attachment":[{"href":"https:\/\/lenacriveanu.ro\/shop\/wp-json\/wp\/v2\/media?parent=121"}],"wp:term":[{"taxonomy":"product_brand","embeddable":true,"href":"https:\/\/lenacriveanu.ro\/shop\/wp-json\/wp\/v2\/product_brand?post=121"},{"taxonomy":"product_cat","embeddable":true,"href":"https:\/\/lenacriveanu.ro\/shop\/wp-json\/wp\/v2\/product_cat?post=121"},{"taxonomy":"product_tag","embeddable":true,"href":"https:\/\/lenacriveanu.ro\/shop\/wp-json\/wp\/v2\/product_tag?post=121"}],"curies":[{"name":"wp","href":"https:\/\/api.w.org\/{rel}","templated":true}]}}