{"id":1209,"date":"2025-12-12T15:33:42","date_gmt":"2025-12-12T13:33:42","guid":{"rendered":"https:\/\/lenacriveanu.ro\/shop\/?post_type=product&#038;p=1209"},"modified":"2026-01-23T15:56:35","modified_gmt":"2026-01-23T13:56:35","slug":"sort-asimetric-cu-cute","status":"publish","type":"product","link":"https:\/\/lenacriveanu.ro\/shop\/product\/sort-asimetric-cu-cute\/","title":{"rendered":"Sor\u021b Asimetric Cu Cute"},"content":{"rendered":"<p><span class=\"a_GcMg font-feature-liga-off font-feature-clig-off font-feature-calt-off text-decoration-none text-strikethrough-none\">\u0218or\u021b asimetric realizat din stof\u0103, cu cute cusute \u0219i \u00eenchidere ajustabil\u0103 \u00een catarame metalice. Buzunar functional pe partea dreapt\u0103.<\/span><\/p>\n<p><strong>Material:<\/strong> L\u00e2n\u0103 &amp; Polyester<\/p>\n<p class=\"p1\">\n","protected":false},"excerpt":{"rendered":"<p>Fust\u0103 midi din stof\u0103, cu panou asimetric in contrast bleumarin cu gri. Talie \u00eenalt\u0103 \u0219i pliuri ad\u00e2nci \u00een fa\u021b\u0103 \u0219i spate pentru o \u021binut\u0103 elegant\u0103 \u0219i lejeritate.<\/p>\n","protected":false},"featured_media":1215,"comment_status":"open","ping_status":"closed","template":"","meta":{"inline_featured_image":false},"product_brand":[],"product_cat":[55,25],"product_tag":[],"class_list":{"0":"post-1209","1":"product","2":"type-product","3":"status-publish","4":"has-post-thumbnail","6":"product_cat-fuste-office","7":"product_cat-shop","9":"first","10":"instock","11":"shipping-taxable","12":"purchasable","13":"product-type-variable"},"_links":{"self":[{"href":"https:\/\/lenacriveanu.ro\/shop\/wp-json\/wp\/v2\/product\/1209","targetHints":{"allow":["GET"]}}],"collection":[{"href":"https:\/\/lenacriveanu.ro\/shop\/wp-json\/wp\/v2\/product"}],"about":[{"href":"https:\/\/lenacriveanu.ro\/shop\/wp-json\/wp\/v2\/types\/product"}],"replies":[{"embeddable":true,"href":"https:\/\/lenacriveanu.ro\/shop\/wp-json\/wp\/v2\/comments?post=1209"}],"wp:featuredmedia":[{"embeddable":true,"href":"https:\/\/lenacriveanu.ro\/shop\/wp-json\/wp\/v2\/media\/1215"}],"wp:attachment":[{"href":"https:\/\/lenacriveanu.ro\/shop\/wp-json\/wp\/v2\/media?parent=1209"}],"wp:term":[{"taxonomy":"product_brand","embeddable":true,"href":"https:\/\/lenacriveanu.ro\/shop\/wp-json\/wp\/v2\/product_brand?post=1209"},{"taxonomy":"product_cat","embeddable":true,"href":"https:\/\/lenacriveanu.ro\/shop\/wp-json\/wp\/v2\/product_cat?post=1209"},{"taxonomy":"product_tag","embeddable":true,"href":"https:\/\/lenacriveanu.ro\/shop\/wp-json\/wp\/v2\/product_tag?post=1209"}],"curies":[{"name":"wp","href":"https:\/\/api.w.org\/{rel}","templated":true}]}}