{"id":1198,"date":"2025-12-12T15:27:16","date_gmt":"2025-12-12T13:27:16","guid":{"rendered":"https:\/\/lenacriveanu.ro\/shop\/?post_type=product&#038;p=1198"},"modified":"2025-12-17T13:52:26","modified_gmt":"2025-12-17T11:52:26","slug":"bluza-mulata-cu-decupaje","status":"publish","type":"product","link":"https:\/\/lenacriveanu.ro\/shop\/product\/bluza-mulata-cu-decupaje\/","title":{"rendered":"Bluz\u0103 Mulat\u0103 Cu Decupaje"},"content":{"rendered":"<p><span class=\"a_GcMg font-feature-liga-off font-feature-clig-off font-feature-calt-off text-decoration-none text-strikethrough-none\">Bluz\u0103 din material elastic, cu m\u00e2nec\u0103 lung\u0103 \u0219i decupaje geometrice pe toat\u0103 lungimea bra\u021bului st\u00e2ng. Decolteu rotund \u0219i croial\u0103 mulat\u0103 pe corp. Se \u00eencheie prin \u00eembr\u0103care, f\u0103r\u0103 sistem de \u00eenchidere.<\/span><\/p>\n<p class=\"p1\"><strong>Material:<\/strong> Polyester<\/p>\n<p class=\"p1\">\n","protected":false},"excerpt":{"rendered":"<p>Bluz\u0103 din material fluid cu m\u00e2neci lungi transparente, man\u0219ete late cu nasturi floare \u0219i imprimeu de libelule aurii pe fa\u021b\u0103.<\/p>\n","protected":false},"featured_media":1204,"comment_status":"open","ping_status":"closed","template":"","meta":{"inline_featured_image":false},"product_brand":[],"product_cat":[50,31,25],"product_tag":[],"class_list":{"0":"post-1198","1":"product","2":"type-product","3":"status-publish","4":"has-post-thumbnail","6":"product_cat-bluze-office","7":"product_cat-bluze","8":"product_cat-shop","10":"first","11":"instock","12":"shipping-taxable","13":"purchasable","14":"product-type-variable","15":"has-default-attributes"},"_links":{"self":[{"href":"https:\/\/lenacriveanu.ro\/shop\/wp-json\/wp\/v2\/product\/1198","targetHints":{"allow":["GET"]}}],"collection":[{"href":"https:\/\/lenacriveanu.ro\/shop\/wp-json\/wp\/v2\/product"}],"about":[{"href":"https:\/\/lenacriveanu.ro\/shop\/wp-json\/wp\/v2\/types\/product"}],"replies":[{"embeddable":true,"href":"https:\/\/lenacriveanu.ro\/shop\/wp-json\/wp\/v2\/comments?post=1198"}],"wp:featuredmedia":[{"embeddable":true,"href":"https:\/\/lenacriveanu.ro\/shop\/wp-json\/wp\/v2\/media\/1204"}],"wp:attachment":[{"href":"https:\/\/lenacriveanu.ro\/shop\/wp-json\/wp\/v2\/media?parent=1198"}],"wp:term":[{"taxonomy":"product_brand","embeddable":true,"href":"https:\/\/lenacriveanu.ro\/shop\/wp-json\/wp\/v2\/product_brand?post=1198"},{"taxonomy":"product_cat","embeddable":true,"href":"https:\/\/lenacriveanu.ro\/shop\/wp-json\/wp\/v2\/product_cat?post=1198"},{"taxonomy":"product_tag","embeddable":true,"href":"https:\/\/lenacriveanu.ro\/shop\/wp-json\/wp\/v2\/product_tag?post=1198"}],"curies":[{"name":"wp","href":"https:\/\/api.w.org\/{rel}","templated":true}]}}