{"id":1186,"date":"2025-12-12T15:19:40","date_gmt":"2025-12-12T13:19:40","guid":{"rendered":"https:\/\/lenacriveanu.ro\/shop\/?post_type=product&#038;p=1186"},"modified":"2025-12-17T13:55:17","modified_gmt":"2025-12-17T11:55:17","slug":"pantaloni-culotte-cu-cute","status":"publish","type":"product","link":"https:\/\/lenacriveanu.ro\/shop\/product\/pantaloni-culotte-cu-cute\/","title":{"rendered":"Pantaloni Culotte Cu Cute"},"content":{"rendered":"<p><span class=\"a_GcMg font-feature-liga-off font-feature-clig-off font-feature-calt-off text-decoration-none text-strikethrough-none\">Pantaloni culotte din stof\u0103, cu talie \u00eenalt\u0103 \u0219i croial\u0103 lejer\u0103. Panouri laterale cu cute cusute \u0219i \u00eenchidere frontal\u0103 cu sistem tip c\u00e2rlig, nasture interior \u0219i fermoar. Buzunare laterale \u0219i tiv cu efect decorativ nefinisat.<\/span><\/p>\n<p><strong>Material:<\/strong> L\u00e2n\u0103 &amp; Polyester<\/p>\n<p class=\"p1\">\n","protected":false},"excerpt":{"rendered":"<p>Pantaloni conici cu talie medie, cu panou asimetric \u00een contrast bleumarin cu gri.<\/p>\n","protected":false},"featured_media":1192,"comment_status":"open","ping_status":"closed","template":"","meta":{"inline_featured_image":false},"product_brand":[],"product_cat":[52,25],"product_tag":[],"class_list":{"0":"post-1186","1":"product","2":"type-product","3":"status-publish","4":"has-post-thumbnail","6":"product_cat-pantaloni-office","7":"product_cat-shop","9":"first","10":"instock","11":"shipping-taxable","12":"purchasable","13":"product-type-variable","14":"has-default-attributes"},"_links":{"self":[{"href":"https:\/\/lenacriveanu.ro\/shop\/wp-json\/wp\/v2\/product\/1186","targetHints":{"allow":["GET"]}}],"collection":[{"href":"https:\/\/lenacriveanu.ro\/shop\/wp-json\/wp\/v2\/product"}],"about":[{"href":"https:\/\/lenacriveanu.ro\/shop\/wp-json\/wp\/v2\/types\/product"}],"replies":[{"embeddable":true,"href":"https:\/\/lenacriveanu.ro\/shop\/wp-json\/wp\/v2\/comments?post=1186"}],"wp:featuredmedia":[{"embeddable":true,"href":"https:\/\/lenacriveanu.ro\/shop\/wp-json\/wp\/v2\/media\/1192"}],"wp:attachment":[{"href":"https:\/\/lenacriveanu.ro\/shop\/wp-json\/wp\/v2\/media?parent=1186"}],"wp:term":[{"taxonomy":"product_brand","embeddable":true,"href":"https:\/\/lenacriveanu.ro\/shop\/wp-json\/wp\/v2\/product_brand?post=1186"},{"taxonomy":"product_cat","embeddable":true,"href":"https:\/\/lenacriveanu.ro\/shop\/wp-json\/wp\/v2\/product_cat?post=1186"},{"taxonomy":"product_tag","embeddable":true,"href":"https:\/\/lenacriveanu.ro\/shop\/wp-json\/wp\/v2\/product_tag?post=1186"}],"curies":[{"name":"wp","href":"https:\/\/api.w.org\/{rel}","templated":true}]}}