{"id":1146,"date":"2025-12-12T14:47:03","date_gmt":"2025-12-12T12:47:03","guid":{"rendered":"https:\/\/lenacriveanu.ro\/shop\/?post_type=product&#038;p=1146"},"modified":"2025-12-17T15:13:07","modified_gmt":"2025-12-17T13:13:07","slug":"guler-camasa-detasabil-negru","status":"publish","type":"product","link":"https:\/\/lenacriveanu.ro\/shop\/product\/guler-camasa-detasabil-negru\/","title":{"rendered":"Guler C\u0103ma\u0219\u0103 Deta\u0219abil Negru"},"content":{"rendered":"<p><span class=\"a_GcMg font-feature-liga-off font-feature-clig-off font-feature-calt-off text-decoration-none text-strikethrough-none\">Guler deta\u0219abil din poplin alb cu \u00eenchidere frontal\u0103 cu nasturi metalici cu piatr\u0103, proiectat pentru a se purta sub bluze, rochii sau pulovere. Croial\u0103 rotunjit\u0103 \u00een fa\u021b\u0103 \u0219i spate, cu acoperire uniform\u0103 pe umeri, pentru un aspect curat. Elastic sub\u021bire sub bra\u021b pentru stabilitate \u0219i detaliu cu dantel\u0103 neagr\u0103 \u00een \u0219tei.<\/span><\/p>\n<p><strong>Material:<\/strong> Bumbac<\/p>\n","protected":false},"excerpt":{"rendered":"<p>Fust\u0103 midi din stof\u0103, cu panou asimetric in contrast bleumarin cu gri. Talie \u00eenalt\u0103 \u0219i pliuri ad\u00e2nci \u00een fa\u021b\u0103 \u0219i spate pentru o \u021binut\u0103 elegant\u0103 \u0219i lejeritate.<\/p>\n","protected":false},"featured_media":1153,"comment_status":"open","ping_status":"closed","template":"","meta":{"inline_featured_image":false},"product_brand":[],"product_cat":[58,25],"product_tag":[],"class_list":{"0":"post-1146","1":"product","2":"type-product","3":"status-publish","4":"has-post-thumbnail","6":"product_cat-accesorii-office","7":"product_cat-shop","9":"first","10":"instock","11":"shipping-taxable","12":"purchasable","13":"product-type-variable"},"_links":{"self":[{"href":"https:\/\/lenacriveanu.ro\/shop\/wp-json\/wp\/v2\/product\/1146","targetHints":{"allow":["GET"]}}],"collection":[{"href":"https:\/\/lenacriveanu.ro\/shop\/wp-json\/wp\/v2\/product"}],"about":[{"href":"https:\/\/lenacriveanu.ro\/shop\/wp-json\/wp\/v2\/types\/product"}],"replies":[{"embeddable":true,"href":"https:\/\/lenacriveanu.ro\/shop\/wp-json\/wp\/v2\/comments?post=1146"}],"wp:featuredmedia":[{"embeddable":true,"href":"https:\/\/lenacriveanu.ro\/shop\/wp-json\/wp\/v2\/media\/1153"}],"wp:attachment":[{"href":"https:\/\/lenacriveanu.ro\/shop\/wp-json\/wp\/v2\/media?parent=1146"}],"wp:term":[{"taxonomy":"product_brand","embeddable":true,"href":"https:\/\/lenacriveanu.ro\/shop\/wp-json\/wp\/v2\/product_brand?post=1146"},{"taxonomy":"product_cat","embeddable":true,"href":"https:\/\/lenacriveanu.ro\/shop\/wp-json\/wp\/v2\/product_cat?post=1146"},{"taxonomy":"product_tag","embeddable":true,"href":"https:\/\/lenacriveanu.ro\/shop\/wp-json\/wp\/v2\/product_tag?post=1146"}],"curies":[{"name":"wp","href":"https:\/\/api.w.org\/{rel}","templated":true}]}}