{"id":58,"date":"2025-10-09T16:57:45","date_gmt":"2025-10-09T16:57:45","guid":{"rendered":"https:\/\/lenacriveanu.ro\/shop\/index.php\/cart-2\/"},"modified":"2025-12-04T15:31:57","modified_gmt":"2025-12-04T13:31:57","slug":"cart-2","status":"publish","type":"page","link":"https:\/\/lenacriveanu.ro\/shop\/cart-2\/","title":{"rendered":"Cart"},"content":{"rendered":"\t\t<div data-elementor-type=\"wp-page\" data-elementor-id=\"58\" class=\"elementor elementor-58\" data-elementor-post-type=\"page\">\n\t\t\t\t<div class=\"elementor-element elementor-element-236c677 e-con-full e-flex e-con e-parent\" data-id=\"236c677\" data-element_type=\"container\" data-e-type=\"container\" data-settings=\"{&quot;background_background&quot;:&quot;classic&quot;}\">\n\t\t\t\t<div class=\"elementor-element elementor-element-74be6d1 elementor-widget elementor-widget-heading\" data-id=\"74be6d1\" data-element_type=\"widget\" data-e-type=\"widget\" data-widget_type=\"heading.default\">\n\t\t\t\t\t<h1 class=\"elementor-heading-title elementor-size-default\">Co\u0219ul meu<\/h1>\t\t\t\t<\/div>\n\t\t\t\t<\/div>\n\t\t<div class=\"elementor-element elementor-element-485835c1 e-con-full e-flex e-con e-parent\" data-id=\"485835c1\" data-element_type=\"container\" data-e-type=\"container\" data-settings=\"{&quot;background_background&quot;:&quot;classic&quot;}\">\n\t\t\t\t<\/div>\n\t\t\t\t<\/div>\n\t\t","protected":false},"excerpt":{"rendered":"<p>Co\u0219ul meu \u00cenl\u0103tur\u0103 produsul Imagine miniatur\u0103 Produs Pre\u021b Cantitate Sub-total &times; Wrap Over \u00een Contrast &#8211; M 1.850,00&nbsp;lei Cantitate Wrap Over \u00een Contrast &#8211; M 3.700,00&nbsp;lei Actualizeaz\u0103 co\u0219ul Aplic\u0103 cuponul Total co\u0219 Sub-total 3.700,00&nbsp;lei Livrare Free shipping Livrare la Dumbrava Noua 34, Bloc M-197, Ap.1, Bucuresti, Bucure\u0219ti, 051153. Modific\u0103 adresa \u021aar\u0103\/regiune Selecteaz\u0103 o \u021bar\u0103\/regiune&#8230;Rom\u00e2nia Jude\u021b\/provincie\/stat [&hellip;]<\/p>\n","protected":false},"author":1,"featured_media":61,"parent":0,"menu_order":0,"comment_status":"closed","ping_status":"closed","template":"elementor_header_footer","meta":{"inline_featured_image":false,"footnotes":""},"class_list":["post-58","page","type-page","status-publish","has-post-thumbnail","hentry"],"_links":{"self":[{"href":"https:\/\/lenacriveanu.ro\/shop\/wp-json\/wp\/v2\/pages\/58","targetHints":{"allow":["GET"]}}],"collection":[{"href":"https:\/\/lenacriveanu.ro\/shop\/wp-json\/wp\/v2\/pages"}],"about":[{"href":"https:\/\/lenacriveanu.ro\/shop\/wp-json\/wp\/v2\/types\/page"}],"author":[{"embeddable":true,"href":"https:\/\/lenacriveanu.ro\/shop\/wp-json\/wp\/v2\/users\/1"}],"replies":[{"embeddable":true,"href":"https:\/\/lenacriveanu.ro\/shop\/wp-json\/wp\/v2\/comments?post=58"}],"version-history":[{"count":31,"href":"https:\/\/lenacriveanu.ro\/shop\/wp-json\/wp\/v2\/pages\/58\/revisions"}],"predecessor-version":[{"id":1131,"href":"https:\/\/lenacriveanu.ro\/shop\/wp-json\/wp\/v2\/pages\/58\/revisions\/1131"}],"wp:featuredmedia":[{"embeddable":true,"href":"https:\/\/lenacriveanu.ro\/shop\/wp-json\/wp\/v2\/media\/61"}],"wp:attachment":[{"href":"https:\/\/lenacriveanu.ro\/shop\/wp-json\/wp\/v2\/media?parent=58"}],"curies":[{"name":"wp","href":"https:\/\/api.w.org\/{rel}","templated":true}]}}